{"id":64580,"date":"2025-02-22T22:52:39","date_gmt":"2025-02-22T21:52:39","guid":{"rendered":"https:\/\/www.paarbalance.de\/persoenliche-beratung\/"},"modified":"2025-11-25T17:56:41","modified_gmt":"2025-11-25T16:56:41","slug":"persoenliche-beratung","status":"publish","type":"page","link":"https:\/\/www.paarbalance.de\/en\/persoenliche-beratung\/","title":{"rendered":"Personal consultation"},"content":{"rendered":"<h1 style=\"\">Personal advice for your relationship<\/h1>\n<p>Some challenges in a relationship are best addressed with professional support. While our CoupleBalance program offers a proven and scientifically sound way to improve your relationship independently, there are also situations where personal conversations or a combination of online and face-to-face counseling ( <strong>blended counseling<\/strong> ) can be particularly helpful.<\/p>\n<p>Are you looking for competent and empathetic personal advice?<\/p>\n<p>Then we recommend <a href=\"https:\/\/www.besserlieben.de\" target=\"_blank\" style=\"outline: none;\"><strong>besserlieben.de<\/strong><\/a> , a platform with qualified consultants who can provide you with individual support.<\/p>\n<p><span><img decoding=\"async\" alt=\"\" data-id=\"61658\" data-init-width=\"800\" data-init-height=\"400\" src=\"https:\/\/www.paarbalance.de\/wp-content\/uploads\/2025\/01\/besserlieben.jpg\" data-width=\"365\" data-link-wrap=\"true\" data-height=\"182\" width=\"365\" height=\"182\" style=\"aspect-ratio: auto 800 \/ 400;\" title=\"better love\" loading=\"lazy\"><\/span><\/p>\n<h2 style=\"\">better:love<\/h2>\n<p style=\"font-size: 14px !important;\">A platform for connecting people with individuals for personal advice and therapy \u2013 professional &amp; empathetic.<\/p>\n<p style=\"\"><span>Whether you&#8217;re a couple or an individual \u2013 better:love offers expert advice, online or in person. The platform allows you to choose the perfect support from experienced experts.<\/span><\/p>\n<p style=\"\"><span>Thanks to the search function, you can specifically find the type of support that suits your personal needs and challenges.<\/span><\/p>\n<p>If you prefer to change your relationship flexibly and at your own pace in the direction you desire, then discover our online program:<\/p>\n<p><span><img decoding=\"async\" alt=\"\" data-id=\"61980\" data-init-width=\"800\" data-init-height=\"400\" src=\"https:\/\/www.paarbalance.de\/wp-content\/uploads\/2025\/02\/PaarBalance-Online-Coaching.jpg\" data-width=\"365\" data-link-wrap=\"true\" data-height=\"182\" width=\"365\" height=\"182\" style=\"aspect-ratio: auto 800 \/ 400;\" title=\"PaarBalance Online-Coaching\" loading=\"lazy\"><\/span><\/p>\n<h2 style=\"\">PaarBalance Online-Coaching<\/h2>\n<p style=\"font-size: 14px !important;\">Online program for relationship skills, self-development and joy in love<\/p>\n<p style=\"\"><span><span>\ud83d\udca1 Instantly available &amp; anonymously usable <\/span><span>\ud83d\udca1 Scientifically proven &amp; effective <\/span><span>\ud83d\udca1 Concrete strategies for a fulfilling partnership<\/span><\/span><\/p>\n","protected":false},"excerpt":{"rendered":"<p>Personal advice for your relationship Some challenges in a relationship are best addressed with professional support. While our CoupleBalance program offers a proven and scientifically sound way to improve your relationship independently, there are also situations where personal conversations or a combination of online and face-to-face counseling ( blended counseling ) can be particularly helpful. [&hellip;]<\/p>\n","protected":false},"author":2,"featured_media":64577,"parent":0,"menu_order":31,"comment_status":"closed","ping_status":"closed","template":"","meta":{"_acf_changed":false,"footnotes":""},"class_list":["post-64580","page","type-page","status-publish","has-post-thumbnail","hentry","post-wrapper","thrv_wrapper"],"acf":[],"yoast_head":"<!-- This site is optimized with the Yoast SEO Premium plugin v27.4 (Yoast SEO v27.4) - https:\/\/yoast.com\/product\/yoast-seo-premium-wordpress\/ -->\n<title>Personal advice &amp; online help for your relationship<\/title>\n<meta name=\"description\" content=\"Find the right support for your relationship: personal advice from experts or the flexible, scientifically based CoupleBalance program.\" \/>\n<meta name=\"robots\" content=\"index, follow, max-snippet:-1, max-image-preview:large, max-video-preview:-1\" \/>\n<link rel=\"canonical\" href=\"https:\/\/www.paarbalance.de\/en\/persoenliche-beratung\/\" \/>\n<meta property=\"og:locale\" content=\"en_US\" \/>\n<meta property=\"og:type\" content=\"article\" \/>\n<meta property=\"og:title\" content=\"Personal advice &amp; online help for your relationship\" \/>\n<meta property=\"og:description\" content=\"Find the right support for your relationship: personal advice from experts or the flexible, scientifically based CoupleBalance program.\" \/>\n<meta property=\"og:url\" content=\"https:\/\/www.paarbalance.de\/en\/persoenliche-beratung\/\" \/>\n<meta property=\"og:site_name\" content=\"PaarBalance\" \/>\n<meta property=\"article:publisher\" content=\"https:\/\/www.facebook.com\/paarbalance\/\" \/>\n<meta property=\"article:modified_time\" content=\"2025-11-25T16:56:41+00:00\" \/>\n<meta property=\"og:image\" content=\"https:\/\/www.paarbalance.de\/wp-content\/uploads\/2023\/05\/Therapeutenverzeichnis.jpg\" \/>\n\t<meta property=\"og:image:width\" content=\"300\" \/>\n\t<meta property=\"og:image:height\" content=\"300\" \/>\n\t<meta property=\"og:image:type\" content=\"image\/jpeg\" \/>\n<meta name=\"twitter:card\" content=\"summary_large_image\" \/>\n<meta name=\"twitter:title\" content=\"Pers\u00f6nliche Beratung &amp; Online-Hilfe f\u00fcr Ihre Beziehung\" \/>\n<meta name=\"twitter:description\" content=\"Finden Sie die passende Unterst\u00fctzung f\u00fcr Ihre Beziehung: Pers\u00f6nliche Beratung durch Experten oder das flexible, wissenschaftlich fundierte PaarBalance-Programm.\" \/>\n<meta name=\"twitter:image\" content=\"https:\/\/www.paarbalance.de\/wp-content\/uploads\/2025\/02\/Persoenliche-Beratung.jpg\" \/>\n<meta name=\"twitter:site\" content=\"@paarbalance\" \/>\n<meta name=\"twitter:label1\" content=\"Est. reading time\" \/>\n\t<meta name=\"twitter:data1\" content=\"2 minutes\" \/>\n<script type=\"application\/ld+json\" class=\"yoast-schema-graph\">{\"@context\":\"https:\\\/\\\/schema.org\",\"@graph\":[{\"@type\":\"WebPage\",\"@id\":\"https:\\\/\\\/www.paarbalance.de\\\/en\\\/persoenliche-beratung\\\/\",\"url\":\"https:\\\/\\\/www.paarbalance.de\\\/en\\\/persoenliche-beratung\\\/\",\"name\":\"Personal advice & online help for your relationship\",\"isPartOf\":{\"@id\":\"https:\\\/\\\/www.paarbalance.de\\\/en\\\/#website\"},\"primaryImageOfPage\":{\"@id\":\"https:\\\/\\\/www.paarbalance.de\\\/en\\\/persoenliche-beratung\\\/#primaryimage\"},\"image\":{\"@id\":\"https:\\\/\\\/www.paarbalance.de\\\/en\\\/persoenliche-beratung\\\/#primaryimage\"},\"thumbnailUrl\":\"https:\\\/\\\/www.paarbalance.de\\\/wp-content\\\/uploads\\\/2023\\\/05\\\/Therapeutenverzeichnis.jpg\",\"datePublished\":\"2025-02-22T21:52:39+00:00\",\"dateModified\":\"2025-11-25T16:56:41+00:00\",\"description\":\"Find the right support for your relationship: personal advice from experts or the flexible, scientifically based CoupleBalance program.\",\"breadcrumb\":{\"@id\":\"https:\\\/\\\/www.paarbalance.de\\\/en\\\/persoenliche-beratung\\\/#breadcrumb\"},\"inLanguage\":\"en-US\",\"potentialAction\":[{\"@type\":\"ReadAction\",\"target\":[\"https:\\\/\\\/www.paarbalance.de\\\/en\\\/persoenliche-beratung\\\/\"]}]},{\"@type\":\"ImageObject\",\"inLanguage\":\"en-US\",\"@id\":\"https:\\\/\\\/www.paarbalance.de\\\/en\\\/persoenliche-beratung\\\/#primaryimage\",\"url\":\"https:\\\/\\\/www.paarbalance.de\\\/wp-content\\\/uploads\\\/2023\\\/05\\\/Therapeutenverzeichnis.jpg\",\"contentUrl\":\"https:\\\/\\\/www.paarbalance.de\\\/wp-content\\\/uploads\\\/2023\\\/05\\\/Therapeutenverzeichnis.jpg\",\"width\":300,\"height\":300},{\"@type\":\"BreadcrumbList\",\"@id\":\"https:\\\/\\\/www.paarbalance.de\\\/en\\\/persoenliche-beratung\\\/#breadcrumb\",\"itemListElement\":[{\"@type\":\"ListItem\",\"position\":1,\"name\":\"Startseite\",\"item\":\"https:\\\/\\\/www.paarbalance.de\\\/en\\\/\"},{\"@type\":\"ListItem\",\"position\":2,\"name\":\"Personal consultation\"}]},{\"@type\":\"WebSite\",\"@id\":\"https:\\\/\\\/www.paarbalance.de\\\/en\\\/#website\",\"url\":\"https:\\\/\\\/www.paarbalance.de\\\/en\\\/\",\"name\":\"PaarBalance\",\"description\":\"Online Beziehungscoaching\",\"publisher\":{\"@id\":\"https:\\\/\\\/www.paarbalance.de\\\/en\\\/#organization\"},\"potentialAction\":[{\"@type\":\"SearchAction\",\"target\":{\"@type\":\"EntryPoint\",\"urlTemplate\":\"https:\\\/\\\/www.paarbalance.de\\\/en\\\/?s={search_term_string}\"},\"query-input\":{\"@type\":\"PropertyValueSpecification\",\"valueRequired\":true,\"valueName\":\"search_term_string\"}}],\"inLanguage\":\"en-US\"},{\"@type\":\"Organization\",\"@id\":\"https:\\\/\\\/www.paarbalance.de\\\/en\\\/#organization\",\"name\":\"PaarBalance GmbH\",\"alternateName\":\"PaarBalance\",\"url\":\"https:\\\/\\\/www.paarbalance.de\\\/en\\\/\",\"logo\":{\"@type\":\"ImageObject\",\"inLanguage\":\"en-US\",\"@id\":\"https:\\\/\\\/www.paarbalance.de\\\/en\\\/#\\\/schema\\\/logo\\\/image\\\/\",\"url\":\"https:\\\/\\\/www.paarbalance.de\\\/wp-content\\\/uploads\\\/2023\\\/03\\\/paarbalance-logo.png\",\"contentUrl\":\"https:\\\/\\\/www.paarbalance.de\\\/wp-content\\\/uploads\\\/2023\\\/03\\\/paarbalance-logo.png\",\"width\":900,\"height\":229,\"caption\":\"PaarBalance GmbH\"},\"image\":{\"@id\":\"https:\\\/\\\/www.paarbalance.de\\\/en\\\/#\\\/schema\\\/logo\\\/image\\\/\"},\"sameAs\":[\"https:\\\/\\\/www.facebook.com\\\/paarbalance\\\/\",\"https:\\\/\\\/x.com\\\/paarbalance\",\"https:\\\/\\\/www.instagram.com\\\/paarbalance\\\/\",\"https:\\\/\\\/www.pinterest.de\\\/paarbalance\\\/\",\"https:\\\/\\\/www.youtube.com\\\/channel\\\/UCt4xdwi87AXKeZFEQ3zWIXw\"]}]}<\/script>\n<!-- \/ Yoast SEO Premium plugin. -->","yoast_head_json":{"title":"Personal advice & online help for your relationship","description":"Find the right support for your relationship: personal advice from experts or the flexible, scientifically based CoupleBalance program.","robots":{"index":"index","follow":"follow","max-snippet":"max-snippet:-1","max-image-preview":"max-image-preview:large","max-video-preview":"max-video-preview:-1"},"canonical":"https:\/\/www.paarbalance.de\/en\/persoenliche-beratung\/","og_locale":"en_US","og_type":"article","og_title":"Personal advice & online help for your relationship","og_description":"Find the right support for your relationship: personal advice from experts or the flexible, scientifically based CoupleBalance program.","og_url":"https:\/\/www.paarbalance.de\/en\/persoenliche-beratung\/","og_site_name":"PaarBalance","article_publisher":"https:\/\/www.facebook.com\/paarbalance\/","article_modified_time":"2025-11-25T16:56:41+00:00","og_image":[{"width":300,"height":300,"url":"https:\/\/www.paarbalance.de\/wp-content\/uploads\/2023\/05\/Therapeutenverzeichnis.jpg","type":"image\/jpeg"}],"twitter_card":"summary_large_image","twitter_title":"Pers\u00f6nliche Beratung & Online-Hilfe f\u00fcr Ihre Beziehung","twitter_description":"Finden Sie die passende Unterst\u00fctzung f\u00fcr Ihre Beziehung: Pers\u00f6nliche Beratung durch Experten oder das flexible, wissenschaftlich fundierte PaarBalance-Programm.","twitter_image":"https:\/\/www.paarbalance.de\/wp-content\/uploads\/2025\/02\/Persoenliche-Beratung.jpg","twitter_site":"@paarbalance","twitter_misc":{"Est. reading time":"2 minutes"},"schema":{"@context":"https:\/\/schema.org","@graph":[{"@type":"WebPage","@id":"https:\/\/www.paarbalance.de\/en\/persoenliche-beratung\/","url":"https:\/\/www.paarbalance.de\/en\/persoenliche-beratung\/","name":"Personal advice & online help for your relationship","isPartOf":{"@id":"https:\/\/www.paarbalance.de\/en\/#website"},"primaryImageOfPage":{"@id":"https:\/\/www.paarbalance.de\/en\/persoenliche-beratung\/#primaryimage"},"image":{"@id":"https:\/\/www.paarbalance.de\/en\/persoenliche-beratung\/#primaryimage"},"thumbnailUrl":"https:\/\/www.paarbalance.de\/wp-content\/uploads\/2023\/05\/Therapeutenverzeichnis.jpg","datePublished":"2025-02-22T21:52:39+00:00","dateModified":"2025-11-25T16:56:41+00:00","description":"Find the right support for your relationship: personal advice from experts or the flexible, scientifically based CoupleBalance program.","breadcrumb":{"@id":"https:\/\/www.paarbalance.de\/en\/persoenliche-beratung\/#breadcrumb"},"inLanguage":"en-US","potentialAction":[{"@type":"ReadAction","target":["https:\/\/www.paarbalance.de\/en\/persoenliche-beratung\/"]}]},{"@type":"ImageObject","inLanguage":"en-US","@id":"https:\/\/www.paarbalance.de\/en\/persoenliche-beratung\/#primaryimage","url":"https:\/\/www.paarbalance.de\/wp-content\/uploads\/2023\/05\/Therapeutenverzeichnis.jpg","contentUrl":"https:\/\/www.paarbalance.de\/wp-content\/uploads\/2023\/05\/Therapeutenverzeichnis.jpg","width":300,"height":300},{"@type":"BreadcrumbList","@id":"https:\/\/www.paarbalance.de\/en\/persoenliche-beratung\/#breadcrumb","itemListElement":[{"@type":"ListItem","position":1,"name":"Startseite","item":"https:\/\/www.paarbalance.de\/en\/"},{"@type":"ListItem","position":2,"name":"Personal consultation"}]},{"@type":"WebSite","@id":"https:\/\/www.paarbalance.de\/en\/#website","url":"https:\/\/www.paarbalance.de\/en\/","name":"PaarBalance","description":"Online Beziehungscoaching","publisher":{"@id":"https:\/\/www.paarbalance.de\/en\/#organization"},"potentialAction":[{"@type":"SearchAction","target":{"@type":"EntryPoint","urlTemplate":"https:\/\/www.paarbalance.de\/en\/?s={search_term_string}"},"query-input":{"@type":"PropertyValueSpecification","valueRequired":true,"valueName":"search_term_string"}}],"inLanguage":"en-US"},{"@type":"Organization","@id":"https:\/\/www.paarbalance.de\/en\/#organization","name":"PaarBalance GmbH","alternateName":"PaarBalance","url":"https:\/\/www.paarbalance.de\/en\/","logo":{"@type":"ImageObject","inLanguage":"en-US","@id":"https:\/\/www.paarbalance.de\/en\/#\/schema\/logo\/image\/","url":"https:\/\/www.paarbalance.de\/wp-content\/uploads\/2023\/03\/paarbalance-logo.png","contentUrl":"https:\/\/www.paarbalance.de\/wp-content\/uploads\/2023\/03\/paarbalance-logo.png","width":900,"height":229,"caption":"PaarBalance GmbH"},"image":{"@id":"https:\/\/www.paarbalance.de\/en\/#\/schema\/logo\/image\/"},"sameAs":["https:\/\/www.facebook.com\/paarbalance\/","https:\/\/x.com\/paarbalance","https:\/\/www.instagram.com\/paarbalance\/","https:\/\/www.pinterest.de\/paarbalance\/","https:\/\/www.youtube.com\/channel\/UCt4xdwi87AXKeZFEQ3zWIXw"]}]}},"_links":{"self":[{"href":"https:\/\/www.paarbalance.de\/en\/wp-json\/wp\/v2\/pages\/64580","targetHints":{"allow":["GET"]}}],"collection":[{"href":"https:\/\/www.paarbalance.de\/en\/wp-json\/wp\/v2\/pages"}],"about":[{"href":"https:\/\/www.paarbalance.de\/en\/wp-json\/wp\/v2\/types\/page"}],"author":[{"embeddable":true,"href":"https:\/\/www.paarbalance.de\/en\/wp-json\/wp\/v2\/users\/2"}],"replies":[{"embeddable":true,"href":"https:\/\/www.paarbalance.de\/en\/wp-json\/wp\/v2\/comments?post=64580"}],"version-history":[{"count":5,"href":"https:\/\/www.paarbalance.de\/en\/wp-json\/wp\/v2\/pages\/64580\/revisions"}],"predecessor-version":[{"id":67149,"href":"https:\/\/www.paarbalance.de\/en\/wp-json\/wp\/v2\/pages\/64580\/revisions\/67149"}],"wp:featuredmedia":[{"embeddable":true,"href":"https:\/\/www.paarbalance.de\/en\/wp-json\/wp\/v2\/media\/64577"}],"wp:attachment":[{"href":"https:\/\/www.paarbalance.de\/en\/wp-json\/wp\/v2\/media?parent=64580"}],"curies":[{"name":"wp","href":"https:\/\/api.w.org\/{rel}","templated":true}]}}