{"id":64568,"date":"2023-05-14T09:40:24","date_gmt":"2023-05-14T07:40:24","guid":{"rendered":"https:\/\/www.paarbalance.de\/werbepartner\/werbematerialien-meditation\/"},"modified":"2025-11-25T12:42:13","modified_gmt":"2025-11-25T11:42:13","slug":"werbematerialien-meditation","status":"publish","type":"page","link":"https:\/\/www.paarbalance.de\/en\/partnerprogramm\/werbematerialien-meditation\/","title":{"rendered":"Affiliate support page: Meditation"},"content":{"rendered":"<h1 style=\"text-align: left;\">Werbemittel f\u00fcr die Partnerschafts-Meditation<\/h1>\n<p>Hier k\u00f6nnen Sie sich E-Mail-Vorlagen und Grafiken f\u00fcr die Promotion downloaden.<a href=\"https:\/\/www.paarbalance.de\/wp-content\/uploads\/2023\/05\/meditation-mockup.webp\" target=\"_blank\" rel=\"noopener\"><img loading=\"lazy\" decoding=\"async\" style=\"aspect-ratio: auto 1280 \/ 1086;\" title=\"meditation-mockup\" src=\"https:\/\/www.paarbalance.de\/wp-content\/uploads\/2023\/05\/meditation-mockup.webp\" alt=\"Meditation\" width=\"377\" height=\"320\" data-id=\"528\" data-init-width=\"1280\" data-init-height=\"1086\" data-width=\"377\" data-height=\"320\" data-link-wrap=\"true\" \/><\/a><span style=\"font-weight: normal;\">Produktbild<\/span><a href=\"https:\/\/www.paarbalance.de\/wp-content\/uploads\/2023\/09\/meditation-mockup-box-750.webp\" target=\"_blank\" rel=\"noopener\"><img loading=\"lazy\" decoding=\"async\" style=\"aspect-ratio: auto 750 \/ 953;\" title=\"meditation-mockup-box-750\" src=\"https:\/\/www.paarbalance.de\/wp-content\/uploads\/2023\/09\/meditation-mockup-box-750.webp\" alt=\"\" width=\"247\" height=\"314\" data-id=\"53096\" data-init-width=\"750\" data-init-height=\"953\" data-width=\"247\" data-height=\"314\" data-link-wrap=\"true\" \/><\/a><span style=\"font-weight: normal;\">Box<\/span><a href=\"https:\/\/www.paarbalance.de\/wp-content\/uploads\/2023\/09\/meditation-mockup-cd.webp\" target=\"_blank\" rel=\"noopener\"><img loading=\"lazy\" decoding=\"async\" style=\"aspect-ratio: auto 869 \/ 729;\" title=\"meditation-mockup-cd\" src=\"https:\/\/www.paarbalance.de\/wp-content\/uploads\/2023\/09\/meditation-mockup-cd.webp\" alt=\"\" width=\"376\" height=\"315\" data-id=\"53097\" data-init-width=\"869\" data-init-height=\"729\" data-width=\"376\" data-height=\"315\" data-link-wrap=\"true\" \/><\/a><span style=\"font-weight: normal;\">CD<\/span>Promotion E-Mails (zur Anregung)E-Mail 1: NEU: Meditation f\u00fcr mehr Verbundenheit in Ihrer Partnerschaft \ud83e\uddd8\u200d\u2640\ufe0f \ud83e\uddd8 (<a style=\"outline: none;\" href=\"https:\/\/klick.paarbalance.de\/web\/sk5gz1f7fbgz1aqxmzzz1zz14z8\" target=\"_blank\" rel=\"noopener\">zur kompletten E-Mail<\/a>)E-Mail 2: Tun Sie sich und Ihrer Partnerschaft etwas Gutes! \ud83e\uddd8\u200d\u2640\ufe0f \ud83e\uddd8 -&gt; \u2764\ufe0f (<a href=\"https:\/\/klick.paarbalance.de\/web\/sk5iz2c6g5rz1aqxpzzz1zz14z8\" target=\"_blank\" rel=\"noopener\">zur kompletten E-Mail<\/a>)E-Mail 3: \u25b6\ufe0f Du und Dein Herzensmensch (H\u00f6rprobe) \ud83c\udfa7 (<a style=\"outline: none;\" href=\"https:\/\/klick.paarbalance.de\/web\/sk5lz2c6g5rz1aqxszzz1zz14z8\" target=\"_blank\" rel=\"noopener\">zur kompletten E-Mail<\/a>)E-Mail 4: Meditation f\u00fcr die Paarbeziehung: Funktioniert das \u00fcberhaupt? (<a href=\"https:\/\/klick.paarbalance.de\/web\/sm8wz2c6g5rz1au1xzzz1zz14z8\" target=\"_blank\" rel=\"noopener\">zur kompletten E-Mail<\/a>)<\/p>\n","protected":false},"excerpt":{"rendered":"<p>Werbemittel f\u00fcr die Partnerschafts-Meditation Hier k\u00f6nnen Sie sich E-Mail-Vorlagen und Grafiken f\u00fcr die Promotion downloaden.ProduktbildBoxCDPromotion E-Mails (zur Anregung)E-Mail 1: NEU: Meditation f\u00fcr mehr Verbundenheit in Ihrer Partnerschaft \ud83e\uddd8\u200d\u2640\ufe0f \ud83e\uddd8 (zur kompletten E-Mail)E-Mail 2: Tun Sie sich und Ihrer Partnerschaft etwas Gutes! \ud83e\uddd8\u200d\u2640\ufe0f \ud83e\uddd8 -&gt; \u2764\ufe0f (zur kompletten E-Mail)E-Mail 3: \u25b6\ufe0f Du und Dein Herzensmensch (H\u00f6rprobe) [&hellip;]<\/p>\n","protected":false},"author":2,"featured_media":64569,"parent":64564,"menu_order":3,"comment_status":"closed","ping_status":"closed","template":"","meta":{"_acf_changed":false,"footnotes":""},"class_list":["post-64568","page","type-page","status-publish","has-post-thumbnail","hentry","post-wrapper","thrv_wrapper"],"acf":[],"yoast_head":"<!-- This site is optimized with the Yoast SEO Premium plugin v27.2 (Yoast SEO v27.2) - https:\/\/yoast.com\/product\/yoast-seo-premium-wordpress\/ -->\n<title>Promotional materials for partnership meditation<\/title>\n<meta name=\"description\" content=\"Promotional materials for advertising partners &amp; affiliates for the PaarBalance partnership meditation.\" \/>\n<meta name=\"robots\" content=\"noindex, follow\" \/>\n<meta property=\"og:locale\" content=\"en_US\" \/>\n<meta property=\"og:type\" content=\"article\" \/>\n<meta property=\"og:title\" content=\"Promotional materials for partnership meditation\" \/>\n<meta property=\"og:description\" content=\"Promotional materials for advertising partners &amp; affiliates for the PaarBalance partnership meditation.\" \/>\n<meta property=\"og:url\" content=\"https:\/\/www.paarbalance.de\/en\/partnerprogramm\/werbematerialien-meditation\/\" \/>\n<meta property=\"og:site_name\" content=\"PaarBalance\" \/>\n<meta property=\"article:publisher\" content=\"https:\/\/www.facebook.com\/paarbalance\/\" \/>\n<meta property=\"article:modified_time\" content=\"2025-11-25T11:42:13+00:00\" \/>\n<meta property=\"og:image\" content=\"https:\/\/www.paarbalance.de\/wp-content\/uploads\/2023\/05\/Werbepartner-Materialien-Meditation.jpg\" \/>\n\t<meta property=\"og:image:width\" content=\"300\" \/>\n\t<meta property=\"og:image:height\" content=\"300\" \/>\n\t<meta property=\"og:image:type\" content=\"image\/jpeg\" \/>\n<meta name=\"twitter:card\" content=\"summary_large_image\" \/>\n<meta name=\"twitter:title\" content=\"Werbemittel f\u00fcr die Partnerschafts-Meditation\" \/>\n<meta name=\"twitter:description\" content=\"Werbemittel f\u00fcr Werbepartner &amp; Affiliates f\u00fcr die PaarBalance Partnerschafts-Meditation.\" \/>\n<meta name=\"twitter:image\" content=\"https:\/\/www.paarbalance.de\/wp-content\/uploads\/2023\/07\/Partnerschafts-Meditation.jpg\" \/>\n<meta name=\"twitter:site\" content=\"@paarbalance\" \/>\n<meta name=\"twitter:label1\" content=\"Est. reading time\" \/>\n\t<meta name=\"twitter:data1\" content=\"2 minutes\" \/>\n<script type=\"application\/ld+json\" class=\"yoast-schema-graph\">{\"@context\":\"https:\/\/schema.org\",\"@graph\":[{\"@type\":\"WebPage\",\"@id\":\"https:\/\/www.paarbalance.de\/en\/partnerprogramm\/werbematerialien-meditation\/\",\"url\":\"https:\/\/www.paarbalance.de\/en\/partnerprogramm\/werbematerialien-meditation\/\",\"name\":\"Promotional materials for partnership meditation\",\"isPartOf\":{\"@id\":\"https:\/\/www.paarbalance.de\/en\/#website\"},\"primaryImageOfPage\":{\"@id\":\"https:\/\/www.paarbalance.de\/en\/partnerprogramm\/werbematerialien-meditation\/#primaryimage\"},\"image\":{\"@id\":\"https:\/\/www.paarbalance.de\/en\/partnerprogramm\/werbematerialien-meditation\/#primaryimage\"},\"thumbnailUrl\":\"https:\/\/www.paarbalance.de\/wp-content\/uploads\/2023\/05\/Werbepartner-Materialien-Meditation.jpg\",\"datePublished\":\"2023-05-14T07:40:24+00:00\",\"dateModified\":\"2025-11-25T11:42:13+00:00\",\"description\":\"Promotional materials for advertising partners & affiliates for the PaarBalance partnership meditation.\",\"breadcrumb\":{\"@id\":\"https:\/\/www.paarbalance.de\/en\/partnerprogramm\/werbematerialien-meditation\/#breadcrumb\"},\"inLanguage\":\"en-US\",\"potentialAction\":[{\"@type\":\"ReadAction\",\"target\":[\"https:\/\/www.paarbalance.de\/en\/partnerprogramm\/werbematerialien-meditation\/\"]}]},{\"@type\":\"ImageObject\",\"inLanguage\":\"en-US\",\"@id\":\"https:\/\/www.paarbalance.de\/en\/partnerprogramm\/werbematerialien-meditation\/#primaryimage\",\"url\":\"https:\/\/www.paarbalance.de\/wp-content\/uploads\/2023\/05\/Werbepartner-Materialien-Meditation.jpg\",\"contentUrl\":\"https:\/\/www.paarbalance.de\/wp-content\/uploads\/2023\/05\/Werbepartner-Materialien-Meditation.jpg\",\"width\":300,\"height\":300},{\"@type\":\"BreadcrumbList\",\"@id\":\"https:\/\/www.paarbalance.de\/en\/partnerprogramm\/werbematerialien-meditation\/#breadcrumb\",\"itemListElement\":[{\"@type\":\"ListItem\",\"position\":1,\"name\":\"Startseite\",\"item\":\"https:\/\/www.paarbalance.de\/en\/\"},{\"@type\":\"ListItem\",\"position\":2,\"name\":\"Partner program\",\"item\":\"https:\/\/www.paarbalance.de\/en\/partnerprogramm\/\"},{\"@type\":\"ListItem\",\"position\":3,\"name\":\"Affiliate support page: Meditation\"}]},{\"@type\":\"WebSite\",\"@id\":\"https:\/\/www.paarbalance.de\/en\/#website\",\"url\":\"https:\/\/www.paarbalance.de\/en\/\",\"name\":\"PaarBalance\",\"description\":\"Online Beziehungscoaching\",\"publisher\":{\"@id\":\"https:\/\/www.paarbalance.de\/en\/#organization\"},\"potentialAction\":[{\"@type\":\"SearchAction\",\"target\":{\"@type\":\"EntryPoint\",\"urlTemplate\":\"https:\/\/www.paarbalance.de\/en\/?s={search_term_string}\"},\"query-input\":{\"@type\":\"PropertyValueSpecification\",\"valueRequired\":true,\"valueName\":\"search_term_string\"}}],\"inLanguage\":\"en-US\"},{\"@type\":\"Organization\",\"@id\":\"https:\/\/www.paarbalance.de\/en\/#organization\",\"name\":\"PaarBalance GmbH\",\"alternateName\":\"PaarBalance\",\"url\":\"https:\/\/www.paarbalance.de\/en\/\",\"logo\":{\"@type\":\"ImageObject\",\"inLanguage\":\"en-US\",\"@id\":\"https:\/\/www.paarbalance.de\/en\/#\/schema\/logo\/image\/\",\"url\":\"https:\/\/www.paarbalance.de\/wp-content\/uploads\/2023\/03\/paarbalance-logo.png\",\"contentUrl\":\"https:\/\/www.paarbalance.de\/wp-content\/uploads\/2023\/03\/paarbalance-logo.png\",\"width\":900,\"height\":229,\"caption\":\"PaarBalance GmbH\"},\"image\":{\"@id\":\"https:\/\/www.paarbalance.de\/en\/#\/schema\/logo\/image\/\"},\"sameAs\":[\"https:\/\/www.facebook.com\/paarbalance\/\",\"https:\/\/x.com\/paarbalance\",\"https:\/\/www.instagram.com\/paarbalance\/\",\"https:\/\/www.pinterest.de\/paarbalance\/\",\"https:\/\/www.youtube.com\/channel\/UCt4xdwi87AXKeZFEQ3zWIXw\"]}]}<\/script>\n<!-- \/ Yoast SEO Premium plugin. -->","yoast_head_json":{"title":"Promotional materials for partnership meditation","description":"Promotional materials for advertising partners & affiliates for the PaarBalance partnership meditation.","robots":{"index":"noindex","follow":"follow"},"og_locale":"en_US","og_type":"article","og_title":"Promotional materials for partnership meditation","og_description":"Promotional materials for advertising partners & affiliates for the PaarBalance partnership meditation.","og_url":"https:\/\/www.paarbalance.de\/en\/partnerprogramm\/werbematerialien-meditation\/","og_site_name":"PaarBalance","article_publisher":"https:\/\/www.facebook.com\/paarbalance\/","article_modified_time":"2025-11-25T11:42:13+00:00","og_image":[{"width":300,"height":300,"url":"https:\/\/www.paarbalance.de\/wp-content\/uploads\/2023\/05\/Werbepartner-Materialien-Meditation.jpg","type":"image\/jpeg"}],"twitter_card":"summary_large_image","twitter_title":"Werbemittel f\u00fcr die Partnerschafts-Meditation","twitter_description":"Werbemittel f\u00fcr Werbepartner & Affiliates f\u00fcr die PaarBalance Partnerschafts-Meditation.","twitter_image":"https:\/\/www.paarbalance.de\/wp-content\/uploads\/2023\/07\/Partnerschafts-Meditation.jpg","twitter_site":"@paarbalance","twitter_misc":{"Est. reading time":"2 minutes"},"schema":{"@context":"https:\/\/schema.org","@graph":[{"@type":"WebPage","@id":"https:\/\/www.paarbalance.de\/en\/partnerprogramm\/werbematerialien-meditation\/","url":"https:\/\/www.paarbalance.de\/en\/partnerprogramm\/werbematerialien-meditation\/","name":"Promotional materials for partnership meditation","isPartOf":{"@id":"https:\/\/www.paarbalance.de\/en\/#website"},"primaryImageOfPage":{"@id":"https:\/\/www.paarbalance.de\/en\/partnerprogramm\/werbematerialien-meditation\/#primaryimage"},"image":{"@id":"https:\/\/www.paarbalance.de\/en\/partnerprogramm\/werbematerialien-meditation\/#primaryimage"},"thumbnailUrl":"https:\/\/www.paarbalance.de\/wp-content\/uploads\/2023\/05\/Werbepartner-Materialien-Meditation.jpg","datePublished":"2023-05-14T07:40:24+00:00","dateModified":"2025-11-25T11:42:13+00:00","description":"Promotional materials for advertising partners & affiliates for the PaarBalance partnership meditation.","breadcrumb":{"@id":"https:\/\/www.paarbalance.de\/en\/partnerprogramm\/werbematerialien-meditation\/#breadcrumb"},"inLanguage":"en-US","potentialAction":[{"@type":"ReadAction","target":["https:\/\/www.paarbalance.de\/en\/partnerprogramm\/werbematerialien-meditation\/"]}]},{"@type":"ImageObject","inLanguage":"en-US","@id":"https:\/\/www.paarbalance.de\/en\/partnerprogramm\/werbematerialien-meditation\/#primaryimage","url":"https:\/\/www.paarbalance.de\/wp-content\/uploads\/2023\/05\/Werbepartner-Materialien-Meditation.jpg","contentUrl":"https:\/\/www.paarbalance.de\/wp-content\/uploads\/2023\/05\/Werbepartner-Materialien-Meditation.jpg","width":300,"height":300},{"@type":"BreadcrumbList","@id":"https:\/\/www.paarbalance.de\/en\/partnerprogramm\/werbematerialien-meditation\/#breadcrumb","itemListElement":[{"@type":"ListItem","position":1,"name":"Startseite","item":"https:\/\/www.paarbalance.de\/en\/"},{"@type":"ListItem","position":2,"name":"Partner program","item":"https:\/\/www.paarbalance.de\/en\/partnerprogramm\/"},{"@type":"ListItem","position":3,"name":"Affiliate support page: Meditation"}]},{"@type":"WebSite","@id":"https:\/\/www.paarbalance.de\/en\/#website","url":"https:\/\/www.paarbalance.de\/en\/","name":"PaarBalance","description":"Online Beziehungscoaching","publisher":{"@id":"https:\/\/www.paarbalance.de\/en\/#organization"},"potentialAction":[{"@type":"SearchAction","target":{"@type":"EntryPoint","urlTemplate":"https:\/\/www.paarbalance.de\/en\/?s={search_term_string}"},"query-input":{"@type":"PropertyValueSpecification","valueRequired":true,"valueName":"search_term_string"}}],"inLanguage":"en-US"},{"@type":"Organization","@id":"https:\/\/www.paarbalance.de\/en\/#organization","name":"PaarBalance GmbH","alternateName":"PaarBalance","url":"https:\/\/www.paarbalance.de\/en\/","logo":{"@type":"ImageObject","inLanguage":"en-US","@id":"https:\/\/www.paarbalance.de\/en\/#\/schema\/logo\/image\/","url":"https:\/\/www.paarbalance.de\/wp-content\/uploads\/2023\/03\/paarbalance-logo.png","contentUrl":"https:\/\/www.paarbalance.de\/wp-content\/uploads\/2023\/03\/paarbalance-logo.png","width":900,"height":229,"caption":"PaarBalance GmbH"},"image":{"@id":"https:\/\/www.paarbalance.de\/en\/#\/schema\/logo\/image\/"},"sameAs":["https:\/\/www.facebook.com\/paarbalance\/","https:\/\/x.com\/paarbalance","https:\/\/www.instagram.com\/paarbalance\/","https:\/\/www.pinterest.de\/paarbalance\/","https:\/\/www.youtube.com\/channel\/UCt4xdwi87AXKeZFEQ3zWIXw"]}]}},"_links":{"self":[{"href":"https:\/\/www.paarbalance.de\/en\/wp-json\/wp\/v2\/pages\/64568","targetHints":{"allow":["GET"]}}],"collection":[{"href":"https:\/\/www.paarbalance.de\/en\/wp-json\/wp\/v2\/pages"}],"about":[{"href":"https:\/\/www.paarbalance.de\/en\/wp-json\/wp\/v2\/types\/page"}],"author":[{"embeddable":true,"href":"https:\/\/www.paarbalance.de\/en\/wp-json\/wp\/v2\/users\/2"}],"replies":[{"embeddable":true,"href":"https:\/\/www.paarbalance.de\/en\/wp-json\/wp\/v2\/comments?post=64568"}],"version-history":[{"count":2,"href":"https:\/\/www.paarbalance.de\/en\/wp-json\/wp\/v2\/pages\/64568\/revisions"}],"predecessor-version":[{"id":66251,"href":"https:\/\/www.paarbalance.de\/en\/wp-json\/wp\/v2\/pages\/64568\/revisions\/66251"}],"up":[{"embeddable":true,"href":"https:\/\/www.paarbalance.de\/en\/wp-json\/wp\/v2\/pages\/64564"}],"wp:featuredmedia":[{"embeddable":true,"href":"https:\/\/www.paarbalance.de\/en\/wp-json\/wp\/v2\/media\/64569"}],"wp:attachment":[{"href":"https:\/\/www.paarbalance.de\/en\/wp-json\/wp\/v2\/media?parent=64568"}],"curies":[{"name":"wp","href":"https:\/\/api.w.org\/{rel}","templated":true}]}}