{"id":64540,"date":"2023-05-11T07:07:15","date_gmt":"2023-05-11T05:07:15","guid":{"rendered":"https:\/\/www.paarbalance.de\/therapeuten\/"},"modified":"2025-11-25T12:39:27","modified_gmt":"2025-11-25T11:39:27","slug":"therapeuten","status":"publish","type":"page","link":"https:\/\/www.paarbalance.de\/en\/therapeuten\/","title":{"rendered":"For colleagues (therapists, doctors, consultants, etc.)"},"content":{"rendered":"<h1>F\u00fcr Therapeuten, \u00c4rzte, Kursleiter &amp; Berater<\/h1>\n<p style=\"text-align: left; font-size: 16px !important;\">\u201cBlended Therapy\u201c mit PaarBalance \u2013 die optimale Kombination f\u00fcr alle, die mit Menschen in belasteten oder neuen Paarbeziehungen arbeiten (Intervention &amp; Pr\u00e4vention).<\/p>\n<p style=\"text-align: left;\">Unterst\u00fctzen Sie Ihre Klienten dabei, eine gute Beziehung zu f\u00fchren.<\/p>\n<p style=\"text-align: left; font-size: 16px !important;\">Testen Sie das PaarBalance-Tool am besten selbst. Sie k\u00f6nnen sich hier direkt ein eigenes Benutzerkonto erstellen und sofort einen fundierten Einblick ins Programm-Innere erhalten.<\/p>\n<p><img loading=\"lazy\" decoding=\"async\" style=\"aspect-ratio: auto 1458 \/ 641;\" src=\"https:\/\/www.paarbalance.de\/wp-content\/uploads\/2023\/04\/screenshots.8b7c2300.png\" alt=\"PaarBalance Online Paartherapie\" width=\"648\" height=\"285\" data-id=\"244\" data-init-width=\"1458\" data-init-height=\"641\" data-width=\"648\" data-height=\"285\" \/><\/p>\n<p style=\"text-align: center;\"><strong>\u2713<\/strong>\u00a0 2 Minuten\u00a0 \u00a0\u00a0<strong>\u2713\u00a0\u00a0<\/strong>Kostenfrei\u00a0 \u05bc\u00a0\u00a0<strong>\u2713<\/strong>\u00a0 Unverbindlich<\/p>\n<ul>\n<li>Im Rahmen Ihrer Anmeldung informieren wir Sie \u00fcber Forschungsergebnisse und Neuigkeiten rund um das Thema Partnerschaftszufriedenheit und PaarBalance (per E-Mail). Ihre Angaben k\u00f6nnen selbstverst\u00e4ndlich zu jedem Zeitpunkt ver\u00e4ndert oder gel\u00f6scht werden (kontakt@paarbalance.de).<\/li>\n<\/ul>\n<p style=\"text-align: center;\"><strong>Herzliche kollegiale Gr\u00fc\u00dfe und viel Spa\u00df beim Ausprobieren!<\/strong><\/p>\n<p style=\"text-align: center;\">Prof. Dr. Ludwig Schindler &amp; Dr. Judith Gastner<\/p>\n<p><img loading=\"lazy\" decoding=\"async\" style=\"aspect-ratio: auto 600 \/ 831;\" src=\"https:\/\/www.paarbalance.de\/wp-content\/uploads\/2023\/05\/Prof-Ludwig-Schindler_PaarBalance_WEB.jpg\" alt=\"Prof Ludwig Schindler\" width=\"172\" height=\"238\" data-id=\"547\" data-init-width=\"600\" data-init-height=\"831\" data-width=\"172\" data-height=\"238\" \/><img loading=\"lazy\" decoding=\"async\" style=\"aspect-ratio: auto 600 \/ 831;\" src=\"https:\/\/www.paarbalance.de\/wp-content\/uploads\/2023\/05\/Dr-Judith-Gastner_PaarBalance_WEB.jpg\" alt=\"Dr. Judith Gastner\" width=\"172\" height=\"238\" data-id=\"548\" data-init-width=\"600\" data-init-height=\"831\" data-width=\"172\" data-height=\"238\" \/><img loading=\"lazy\" decoding=\"async\" style=\"aspect-ratio: auto 1500 \/ 48;\" src=\"https:\/\/www.paarbalance.de\/wp-content\/uploads\/2023\/05\/pb-divider-2500-smaller-1500.png\" alt=\"\" width=\"1160\" height=\"37\" data-id=\"49985\" data-init-width=\"1500\" data-init-height=\"48\" data-width=\"1160\" data-height=\"37\" \/><\/p>\n<h2 id=\"t-1685450315612\"><strong>Lernen Sie das PaarBalance-Programm f\u00fcr mehr Beziehungszufriedenheit kennen<\/strong><\/h2>\n<p><img loading=\"lazy\" decoding=\"async\" style=\"aspect-ratio: auto 645 \/ 478;\" src=\"https:\/\/www.paarbalance.de\/wp-content\/uploads\/2023\/07\/Beziehungstest-clean.png\" alt=\"\" width=\"443\" height=\"328\" data-id=\"50874\" data-init-width=\"645\" data-init-height=\"478\" data-width=\"443\" data-height=\"328\" \/><\/p>\n<p>In wenigen Minuten werden Sie einen fundierten Eindruck dar\u00fcber gewinnen, wie das PaarBalance-Tool Ihre Ma\u00dfnahmen vor Ort unterst\u00fctzen kann.<\/p>\n<p>Das sind die Themen, die im PaarBalance-Programm (Partnerschaftsberatung f\u00fcr den einzelnen Partner) behandelt werden:<\/p>\n<p><strong>Haben Sie Fragen? <\/strong>Nehmen Sie gerne Kontakt mit uns auf (<a style=\"outline: none;\" href=\"mailto:kontakt@paarbalance.de\">kontakt@paarbalance.de<\/a>).<\/p>\n<p><img loading=\"lazy\" decoding=\"async\" style=\"aspect-ratio: auto 1500 \/ 48;\" src=\"https:\/\/www.paarbalance.de\/wp-content\/uploads\/2023\/05\/pb-divider-2500-smaller-1500.png\" alt=\"\" width=\"1160\" height=\"37\" data-id=\"49985\" data-init-width=\"1500\" data-init-height=\"48\" data-width=\"1160\" data-height=\"37\" \/><\/p>\n<h2><strong>H\u00e4ufige Fragen &amp; Antworten zu PaarBalance<\/strong><\/h2>\n<p><img loading=\"lazy\" decoding=\"async\" style=\"aspect-ratio: auto 1500 \/ 48;\" src=\"https:\/\/www.paarbalance.de\/wp-content\/uploads\/2023\/05\/pb-divider-2500-smaller-1500.png\" alt=\"\" width=\"1160\" height=\"37\" data-id=\"49985\" data-init-width=\"1500\" data-init-height=\"48\" data-width=\"1160\" data-height=\"37\" \/><\/p>\n<h2 style=\"text-align: center;\">Erstellen Sie sich jetzt Ihren kostenlosen Kollegen-Zugang<\/h2>\n<ul>\n<li>Im Rahmen Ihrer Anmeldung informieren wir Sie \u00fcber Forschungsergebnisse und Neuigkeiten rund um das Thema Partnerschaftszufriedenheit und PaarBalance (per E-Mail). Ihre Angaben k\u00f6nnen selbstverst\u00e4ndlich zu jedem Zeitpunkt ver\u00e4ndert oder gel\u00f6scht werden (kontakt@paarbalance.de).<\/li>\n<\/ul>\n<p><em>In das Programm habe ich bereits hineingeschnuppert, sensationell.<\/em><img loading=\"lazy\" decoding=\"async\" style=\"aspect-ratio: auto 300 \/ 300;\" src=\"https:\/\/www.paarbalance.de\/wp-content\/uploads\/2023\/07\/Kunde-Frau1.jpg\" alt=\"\" width=\"124\" height=\"124\" data-id=\"50667\" data-init-width=\"300\" data-init-height=\"300\" data-width=\"124\" data-height=\"124\" \/>Michaela B.Coach aus Franken21.06.2023<em>Es ist so niedrigschwellig und ohne H\u00fcrde zu bekommen und man kann direkt loslegen. Wunderbar!<\/em><img loading=\"lazy\" decoding=\"async\" style=\"aspect-ratio: auto 300 \/ 300;\" src=\"https:\/\/www.paarbalance.de\/wp-content\/uploads\/2023\/07\/Kunde-Frau2a.jpg\" alt=\"\" width=\"124\" height=\"124\" data-id=\"50885\" data-init-width=\"300\" data-init-height=\"300\" data-width=\"124\" data-height=\"124\" \/>Mareike T.Psychotherapeutin aus Karlsruhe27.04.2023<\/p>\n","protected":false},"excerpt":{"rendered":"<p>F\u00fcr Therapeuten, \u00c4rzte, Kursleiter &amp; Berater \u201cBlended Therapy\u201c mit PaarBalance \u2013 die optimale Kombination f\u00fcr alle, die mit Menschen in belasteten oder neuen Paarbeziehungen arbeiten (Intervention &amp; Pr\u00e4vention). Unterst\u00fctzen Sie Ihre Klienten dabei, eine gute Beziehung zu f\u00fchren. Testen Sie das PaarBalance-Tool am besten selbst. Sie k\u00f6nnen sich hier direkt ein eigenes Benutzerkonto erstellen und [&hellip;]<\/p>\n","protected":false},"author":5,"featured_media":64541,"parent":0,"menu_order":13,"comment_status":"closed","ping_status":"closed","template":"","meta":{"_acf_changed":false,"footnotes":""},"class_list":["post-64540","page","type-page","status-publish","has-post-thumbnail","hentry","post-wrapper","thrv_wrapper"],"acf":[],"yoast_head":"<!-- This site is optimized with the Yoast SEO Premium plugin v27.4 (Yoast SEO v27.4) - https:\/\/yoast.com\/product\/yoast-seo-premium-wordpress\/ -->\n<title>Couple balance for colleagues (therapists, doctors, coaches, etc.)<\/title>\n<meta name=\"description\" content=\"Online coaching for greater satisfaction in partnerships can support therapists and doctors in their daily work.\" \/>\n<meta name=\"robots\" content=\"index, follow, max-snippet:-1, max-image-preview:large, max-video-preview:-1\" \/>\n<link rel=\"canonical\" href=\"https:\/\/www.paarbalance.de\/en\/therapeuten\/\" \/>\n<meta property=\"og:locale\" content=\"en_US\" \/>\n<meta property=\"og:type\" content=\"article\" \/>\n<meta property=\"og:title\" content=\"Couple balance for colleagues (therapists, doctors, coaches, etc.)\" \/>\n<meta property=\"og:description\" content=\"Online coaching for greater satisfaction in partnerships can support therapists and doctors in their daily work.\" \/>\n<meta property=\"og:url\" content=\"https:\/\/www.paarbalance.de\/en\/therapeuten\/\" \/>\n<meta property=\"og:site_name\" content=\"PaarBalance\" \/>\n<meta property=\"article:publisher\" content=\"https:\/\/www.facebook.com\/paarbalance\/\" \/>\n<meta property=\"article:modified_time\" content=\"2025-11-25T11:39:27+00:00\" \/>\n<meta property=\"og:image\" content=\"https:\/\/www.paarbalance.de\/wp-content\/uploads\/2023\/06\/Kollegen-Therapeuten.jpg\" \/>\n\t<meta property=\"og:image:width\" content=\"850\" \/>\n\t<meta property=\"og:image:height\" content=\"483\" \/>\n\t<meta property=\"og:image:type\" content=\"image\/jpeg\" \/>\n<meta name=\"twitter:card\" content=\"summary_large_image\" \/>\n<meta name=\"twitter:title\" content=\"PaarBalance f\u00fcr Kollegen (Therapeuten, \u00c4rzte, Coaches usw.)\" \/>\n<meta name=\"twitter:description\" content=\"Das Online-Coaching f\u00fcr mehr Zufriedenheit in der Partnerschaft kann Therapeuten und \u00c4rzte bei Ihrer t\u00e4glichen Arbeit unterst\u00fctzen.\" \/>\n<meta name=\"twitter:image\" content=\"https:\/\/www.paarbalance.de\/wp-content\/uploads\/2023\/06\/Kollegen-Therapeuten.jpg\" \/>\n<meta name=\"twitter:site\" content=\"@paarbalance\" \/>\n<meta name=\"twitter:label1\" content=\"Est. reading time\" \/>\n\t<meta name=\"twitter:data1\" content=\"12 minutes\" \/>\n<script type=\"application\/ld+json\" class=\"yoast-schema-graph\">{\"@context\":\"https:\\\/\\\/schema.org\",\"@graph\":[{\"@type\":\"WebPage\",\"@id\":\"https:\\\/\\\/www.paarbalance.de\\\/en\\\/therapeuten\\\/\",\"url\":\"https:\\\/\\\/www.paarbalance.de\\\/en\\\/therapeuten\\\/\",\"name\":\"Couple balance for colleagues (therapists, doctors, coaches, etc.)\",\"isPartOf\":{\"@id\":\"https:\\\/\\\/www.paarbalance.de\\\/en\\\/#website\"},\"primaryImageOfPage\":{\"@id\":\"https:\\\/\\\/www.paarbalance.de\\\/en\\\/therapeuten\\\/#primaryimage\"},\"image\":{\"@id\":\"https:\\\/\\\/www.paarbalance.de\\\/en\\\/therapeuten\\\/#primaryimage\"},\"thumbnailUrl\":\"https:\\\/\\\/www.paarbalance.de\\\/wp-content\\\/uploads\\\/2023\\\/05\\\/Therapeuten.jpg\",\"datePublished\":\"2023-05-11T05:07:15+00:00\",\"dateModified\":\"2025-11-25T11:39:27+00:00\",\"description\":\"Online coaching for greater satisfaction in partnerships can support therapists and doctors in their daily work.\",\"breadcrumb\":{\"@id\":\"https:\\\/\\\/www.paarbalance.de\\\/en\\\/therapeuten\\\/#breadcrumb\"},\"inLanguage\":\"en-US\",\"potentialAction\":[{\"@type\":\"ReadAction\",\"target\":[\"https:\\\/\\\/www.paarbalance.de\\\/en\\\/therapeuten\\\/\"]}]},{\"@type\":\"ImageObject\",\"inLanguage\":\"en-US\",\"@id\":\"https:\\\/\\\/www.paarbalance.de\\\/en\\\/therapeuten\\\/#primaryimage\",\"url\":\"https:\\\/\\\/www.paarbalance.de\\\/wp-content\\\/uploads\\\/2023\\\/05\\\/Therapeuten.jpg\",\"contentUrl\":\"https:\\\/\\\/www.paarbalance.de\\\/wp-content\\\/uploads\\\/2023\\\/05\\\/Therapeuten.jpg\",\"width\":300,\"height\":300},{\"@type\":\"BreadcrumbList\",\"@id\":\"https:\\\/\\\/www.paarbalance.de\\\/en\\\/therapeuten\\\/#breadcrumb\",\"itemListElement\":[{\"@type\":\"ListItem\",\"position\":1,\"name\":\"Startseite\",\"item\":\"https:\\\/\\\/www.paarbalance.de\\\/en\\\/\"},{\"@type\":\"ListItem\",\"position\":2,\"name\":\"For colleagues (therapists, doctors, consultants, etc.)\"}]},{\"@type\":\"WebSite\",\"@id\":\"https:\\\/\\\/www.paarbalance.de\\\/en\\\/#website\",\"url\":\"https:\\\/\\\/www.paarbalance.de\\\/en\\\/\",\"name\":\"PaarBalance\",\"description\":\"Online Beziehungscoaching\",\"publisher\":{\"@id\":\"https:\\\/\\\/www.paarbalance.de\\\/en\\\/#organization\"},\"potentialAction\":[{\"@type\":\"SearchAction\",\"target\":{\"@type\":\"EntryPoint\",\"urlTemplate\":\"https:\\\/\\\/www.paarbalance.de\\\/en\\\/?s={search_term_string}\"},\"query-input\":{\"@type\":\"PropertyValueSpecification\",\"valueRequired\":true,\"valueName\":\"search_term_string\"}}],\"inLanguage\":\"en-US\"},{\"@type\":\"Organization\",\"@id\":\"https:\\\/\\\/www.paarbalance.de\\\/en\\\/#organization\",\"name\":\"PaarBalance GmbH\",\"alternateName\":\"PaarBalance\",\"url\":\"https:\\\/\\\/www.paarbalance.de\\\/en\\\/\",\"logo\":{\"@type\":\"ImageObject\",\"inLanguage\":\"en-US\",\"@id\":\"https:\\\/\\\/www.paarbalance.de\\\/en\\\/#\\\/schema\\\/logo\\\/image\\\/\",\"url\":\"https:\\\/\\\/www.paarbalance.de\\\/wp-content\\\/uploads\\\/2023\\\/03\\\/paarbalance-logo.png\",\"contentUrl\":\"https:\\\/\\\/www.paarbalance.de\\\/wp-content\\\/uploads\\\/2023\\\/03\\\/paarbalance-logo.png\",\"width\":900,\"height\":229,\"caption\":\"PaarBalance GmbH\"},\"image\":{\"@id\":\"https:\\\/\\\/www.paarbalance.de\\\/en\\\/#\\\/schema\\\/logo\\\/image\\\/\"},\"sameAs\":[\"https:\\\/\\\/www.facebook.com\\\/paarbalance\\\/\",\"https:\\\/\\\/x.com\\\/paarbalance\",\"https:\\\/\\\/www.instagram.com\\\/paarbalance\\\/\",\"https:\\\/\\\/www.pinterest.de\\\/paarbalance\\\/\",\"https:\\\/\\\/www.youtube.com\\\/channel\\\/UCt4xdwi87AXKeZFEQ3zWIXw\"]}]}<\/script>\n<!-- \/ Yoast SEO Premium plugin. -->","yoast_head_json":{"title":"Couple balance for colleagues (therapists, doctors, coaches, etc.)","description":"Online coaching for greater satisfaction in partnerships can support therapists and doctors in their daily work.","robots":{"index":"index","follow":"follow","max-snippet":"max-snippet:-1","max-image-preview":"max-image-preview:large","max-video-preview":"max-video-preview:-1"},"canonical":"https:\/\/www.paarbalance.de\/en\/therapeuten\/","og_locale":"en_US","og_type":"article","og_title":"Couple balance for colleagues (therapists, doctors, coaches, etc.)","og_description":"Online coaching for greater satisfaction in partnerships can support therapists and doctors in their daily work.","og_url":"https:\/\/www.paarbalance.de\/en\/therapeuten\/","og_site_name":"PaarBalance","article_publisher":"https:\/\/www.facebook.com\/paarbalance\/","article_modified_time":"2025-11-25T11:39:27+00:00","og_image":[{"width":850,"height":483,"url":"https:\/\/www.paarbalance.de\/wp-content\/uploads\/2023\/06\/Kollegen-Therapeuten.jpg","type":"image\/jpeg"}],"twitter_card":"summary_large_image","twitter_title":"PaarBalance f\u00fcr Kollegen (Therapeuten, \u00c4rzte, Coaches usw.)","twitter_description":"Das Online-Coaching f\u00fcr mehr Zufriedenheit in der Partnerschaft kann Therapeuten und \u00c4rzte bei Ihrer t\u00e4glichen Arbeit unterst\u00fctzen.","twitter_image":"https:\/\/www.paarbalance.de\/wp-content\/uploads\/2023\/06\/Kollegen-Therapeuten.jpg","twitter_site":"@paarbalance","twitter_misc":{"Est. reading time":"12 minutes"},"schema":{"@context":"https:\/\/schema.org","@graph":[{"@type":"WebPage","@id":"https:\/\/www.paarbalance.de\/en\/therapeuten\/","url":"https:\/\/www.paarbalance.de\/en\/therapeuten\/","name":"Couple balance for colleagues (therapists, doctors, coaches, etc.)","isPartOf":{"@id":"https:\/\/www.paarbalance.de\/en\/#website"},"primaryImageOfPage":{"@id":"https:\/\/www.paarbalance.de\/en\/therapeuten\/#primaryimage"},"image":{"@id":"https:\/\/www.paarbalance.de\/en\/therapeuten\/#primaryimage"},"thumbnailUrl":"https:\/\/www.paarbalance.de\/wp-content\/uploads\/2023\/05\/Therapeuten.jpg","datePublished":"2023-05-11T05:07:15+00:00","dateModified":"2025-11-25T11:39:27+00:00","description":"Online coaching for greater satisfaction in partnerships can support therapists and doctors in their daily work.","breadcrumb":{"@id":"https:\/\/www.paarbalance.de\/en\/therapeuten\/#breadcrumb"},"inLanguage":"en-US","potentialAction":[{"@type":"ReadAction","target":["https:\/\/www.paarbalance.de\/en\/therapeuten\/"]}]},{"@type":"ImageObject","inLanguage":"en-US","@id":"https:\/\/www.paarbalance.de\/en\/therapeuten\/#primaryimage","url":"https:\/\/www.paarbalance.de\/wp-content\/uploads\/2023\/05\/Therapeuten.jpg","contentUrl":"https:\/\/www.paarbalance.de\/wp-content\/uploads\/2023\/05\/Therapeuten.jpg","width":300,"height":300},{"@type":"BreadcrumbList","@id":"https:\/\/www.paarbalance.de\/en\/therapeuten\/#breadcrumb","itemListElement":[{"@type":"ListItem","position":1,"name":"Startseite","item":"https:\/\/www.paarbalance.de\/en\/"},{"@type":"ListItem","position":2,"name":"For colleagues (therapists, doctors, consultants, etc.)"}]},{"@type":"WebSite","@id":"https:\/\/www.paarbalance.de\/en\/#website","url":"https:\/\/www.paarbalance.de\/en\/","name":"PaarBalance","description":"Online Beziehungscoaching","publisher":{"@id":"https:\/\/www.paarbalance.de\/en\/#organization"},"potentialAction":[{"@type":"SearchAction","target":{"@type":"EntryPoint","urlTemplate":"https:\/\/www.paarbalance.de\/en\/?s={search_term_string}"},"query-input":{"@type":"PropertyValueSpecification","valueRequired":true,"valueName":"search_term_string"}}],"inLanguage":"en-US"},{"@type":"Organization","@id":"https:\/\/www.paarbalance.de\/en\/#organization","name":"PaarBalance GmbH","alternateName":"PaarBalance","url":"https:\/\/www.paarbalance.de\/en\/","logo":{"@type":"ImageObject","inLanguage":"en-US","@id":"https:\/\/www.paarbalance.de\/en\/#\/schema\/logo\/image\/","url":"https:\/\/www.paarbalance.de\/wp-content\/uploads\/2023\/03\/paarbalance-logo.png","contentUrl":"https:\/\/www.paarbalance.de\/wp-content\/uploads\/2023\/03\/paarbalance-logo.png","width":900,"height":229,"caption":"PaarBalance GmbH"},"image":{"@id":"https:\/\/www.paarbalance.de\/en\/#\/schema\/logo\/image\/"},"sameAs":["https:\/\/www.facebook.com\/paarbalance\/","https:\/\/x.com\/paarbalance","https:\/\/www.instagram.com\/paarbalance\/","https:\/\/www.pinterest.de\/paarbalance\/","https:\/\/www.youtube.com\/channel\/UCt4xdwi87AXKeZFEQ3zWIXw"]}]}},"_links":{"self":[{"href":"https:\/\/www.paarbalance.de\/en\/wp-json\/wp\/v2\/pages\/64540","targetHints":{"allow":["GET"]}}],"collection":[{"href":"https:\/\/www.paarbalance.de\/en\/wp-json\/wp\/v2\/pages"}],"about":[{"href":"https:\/\/www.paarbalance.de\/en\/wp-json\/wp\/v2\/types\/page"}],"author":[{"embeddable":true,"href":"https:\/\/www.paarbalance.de\/en\/wp-json\/wp\/v2\/users\/5"}],"replies":[{"embeddable":true,"href":"https:\/\/www.paarbalance.de\/en\/wp-json\/wp\/v2\/comments?post=64540"}],"version-history":[{"count":3,"href":"https:\/\/www.paarbalance.de\/en\/wp-json\/wp\/v2\/pages\/64540\/revisions"}],"predecessor-version":[{"id":66613,"href":"https:\/\/www.paarbalance.de\/en\/wp-json\/wp\/v2\/pages\/64540\/revisions\/66613"}],"wp:featuredmedia":[{"embeddable":true,"href":"https:\/\/www.paarbalance.de\/en\/wp-json\/wp\/v2\/media\/64541"}],"wp:attachment":[{"href":"https:\/\/www.paarbalance.de\/en\/wp-json\/wp\/v2\/media?parent=64540"}],"curies":[{"name":"wp","href":"https:\/\/api.w.org\/{rel}","templated":true}]}}